{"id":2555,"date":"2022-03-21T21:28:23","date_gmt":"2022-03-21T20:28:23","guid":{"rendered":"https:\/\/www.cobs-cnc-technik.de\/impressum\/"},"modified":"2025-09-25T12:11:22","modified_gmt":"2025-09-25T10:11:22","slug":"impressum","status":"publish","type":"page","link":"https:\/\/www.cobs-cnc-technik.de\/en\/impressum\/","title":{"rendered":"Site Notice"},"content":{"rendered":"<p>[et_pb_section fb_built=&#8221;1&#8243; _builder_version=&#8221;4.16&#8243; _module_preset=&#8221;default&#8221; global_colors_info=&#8221;{}&#8221; theme_builder_area=&#8221;post_content&#8221;][et_pb_row _builder_version=&#8221;4.16&#8243; _module_preset=&#8221;default&#8221; global_colors_info=&#8221;{}&#8221; theme_builder_area=&#8221;post_content&#8221;][et_pb_column type=&#8221;4_4&#8243; _builder_version=&#8221;4.16&#8243; _module_preset=&#8221;default&#8221; global_colors_info=&#8221;{}&#8221; theme_builder_area=&#8221;post_content&#8221;][et_pb_text _builder_version=&#8221;4.27.4&#8243; _module_preset=&#8221;f219605b-6339-45c7-adc0-2b99d5623318&#8243; hover_enabled=&#8221;0&#8243; global_colors_info=&#8221;{}&#8221; theme_builder_area=&#8221;post_content&#8221; sticky_enabled=&#8221;0&#8243;]<\/p>\n<h1>Legal Notice<\/h1>\n<p>&nbsp;<\/p>\n<p>CoBs-CNC Technik GmbH<br \/>Angererstra\u00dfe 6<br \/>83064 Raubling<\/p>\n<p>Commercial Register: HRB 24365<br \/>Register Court: District Court Traunstein<\/p>\n<p><strong>Represented by:<\/strong><br \/>Benjamin Orthofer<\/p>\n<h2>Contact<\/h2>\n<p>Phone: +49 (0) 8035 \/ 9678855<br \/>E-Mail: info@cobs-cnc-technik.de<\/p>\n<h2>VAT ID<\/h2>\n<p>VAT identification number according to \u00a7 27 a VAT Act:<\/p>\n<p>DE299901751<\/p>\n<h2>Consumer\u00addispute\u00adresolution\/Universal\u00adarbitration\u00adoffice<\/h2>\n<p>We are not willing or obligated to participate in dispute resolution procedures before a consumer arbitration board.<\/p>\n<p>Source: <a href=\"https:\/\/www.e-recht24.de\">eRecht24<\/a><\/p>\n<p>[\/et_pb_text][\/et_pb_column][\/et_pb_row][\/et_pb_section]<\/p>\n","protected":false},"excerpt":{"rendered":"<p>Legal Notice &nbsp; CoBs-CNC Technik GmbHAngererstra\u00dfe 683064 Raubling Commercial Register: HRB 24365Register Court: District Court Traunstein Represented by:Benjamin Orthofer Contact Phone: +49 (0) 8035 \/ 9678855E-Mail: info@cobs-cnc-technik.de VAT ID VAT identification number according to \u00a7 27 a VAT Act:DE299901751 Consumer\u00addispute\u00adresolution\/Universal\u00adarbitration\u00adoffice We are not willing or obligated to participate in dispute resolution procedures before a consumer [&hellip;]<\/p>\n","protected":false},"author":4,"featured_media":0,"parent":0,"menu_order":0,"comment_status":"closed","ping_status":"closed","template":"","meta":{"_et_pb_use_builder":"on","_et_pb_old_content":"","_et_gb_content_width":"","footnotes":""},"class_list":["post-2555","page","type-page","status-publish","hentry"],"yoast_head":"<!-- This site is optimized with the Yoast SEO plugin v26.9 - https:\/\/yoast.com\/product\/yoast-seo-wordpress\/ -->\n<title>Site Notice - CoBs-CNC Technik<\/title>\n<meta name=\"description\" content=\"Egal ob es sich um ein individuelles Produkt oder eine Serienfertigung handelt wir bieten die passende L\u00f6sung f\u00fcr Ihre Fr\u00e4s - oder Dreharbeiten. Sprechen Sie uns einfach an!\" \/>\n<meta name=\"robots\" content=\"noindex, nofollow\" \/>\n<meta property=\"og:locale\" content=\"en_US\" \/>\n<meta property=\"og:type\" content=\"article\" \/>\n<meta property=\"og:title\" content=\"Site Notice - CoBs-CNC Technik\" \/>\n<meta property=\"og:description\" content=\"Egal ob es sich um ein individuelles Produkt oder eine Serienfertigung handelt wir bieten die passende L\u00f6sung f\u00fcr Ihre Fr\u00e4s - oder Dreharbeiten. Sprechen Sie uns einfach an!\" \/>\n<meta property=\"og:url\" content=\"https:\/\/www.cobs-cnc-technik.de\/en\/impressum\/\" \/>\n<meta property=\"og:site_name\" content=\"CoBs-CNC Technik\" \/>\n<meta property=\"article:modified_time\" content=\"2025-09-25T10:11:22+00:00\" \/>\n<meta name=\"twitter:card\" content=\"summary_large_image\" \/>\n<script type=\"application\/ld+json\" class=\"yoast-schema-graph\">{\"@context\":\"https:\/\/schema.org\",\"@graph\":[{\"@type\":\"WebPage\",\"@id\":\"https:\/\/www.cobs-cnc-technik.de\/en\/impressum\/\",\"url\":\"https:\/\/www.cobs-cnc-technik.de\/en\/impressum\/\",\"name\":\"Site Notice - CoBs-CNC Technik\",\"isPartOf\":{\"@id\":\"https:\/\/www.cobs-cnc-technik.de\/en\/#website\"},\"datePublished\":\"2022-03-21T20:28:23+00:00\",\"dateModified\":\"2025-09-25T10:11:22+00:00\",\"description\":\"Egal ob es sich um ein individuelles Produkt oder eine Serienfertigung handelt wir bieten die passende L\u00f6sung f\u00fcr Ihre Fr\u00e4s - oder Dreharbeiten. Sprechen Sie uns einfach an!\",\"breadcrumb\":{\"@id\":\"https:\/\/www.cobs-cnc-technik.de\/en\/impressum\/#breadcrumb\"},\"inLanguage\":\"en-US\",\"potentialAction\":[{\"@type\":\"ReadAction\",\"target\":[\"https:\/\/www.cobs-cnc-technik.de\/en\/impressum\/\"]}]},{\"@type\":\"BreadcrumbList\",\"@id\":\"https:\/\/www.cobs-cnc-technik.de\/en\/impressum\/#breadcrumb\",\"itemListElement\":[{\"@type\":\"ListItem\",\"position\":1,\"name\":\"Homepage\",\"item\":\"https:\/\/www.cobs-cnc-technik.de\/en\/\"},{\"@type\":\"ListItem\",\"position\":2,\"name\":\"Site Notice\"}]},{\"@type\":\"WebSite\",\"@id\":\"https:\/\/www.cobs-cnc-technik.de\/en\/#website\",\"url\":\"https:\/\/www.cobs-cnc-technik.de\/en\/\",\"name\":\"CoBs-CNC Technik\",\"description\":\"\",\"publisher\":{\"@id\":\"https:\/\/www.cobs-cnc-technik.de\/en\/#organization\"},\"potentialAction\":[{\"@type\":\"SearchAction\",\"target\":{\"@type\":\"EntryPoint\",\"urlTemplate\":\"https:\/\/www.cobs-cnc-technik.de\/en\/?s={search_term_string}\"},\"query-input\":{\"@type\":\"PropertyValueSpecification\",\"valueRequired\":true,\"valueName\":\"search_term_string\"}}],\"inLanguage\":\"en-US\"},{\"@type\":\"Organization\",\"@id\":\"https:\/\/www.cobs-cnc-technik.de\/en\/#organization\",\"name\":\"CoBs-CNC Technik\",\"url\":\"https:\/\/www.cobs-cnc-technik.de\/en\/\",\"logo\":{\"@type\":\"ImageObject\",\"inLanguage\":\"en-US\",\"@id\":\"https:\/\/www.cobs-cnc-technik.de\/en\/#\/schema\/logo\/image\/\",\"url\":\"https:\/\/www.cobs-cnc-technik.de\/wp-content\/uploads\/2021\/03\/logo.png\",\"contentUrl\":\"https:\/\/www.cobs-cnc-technik.de\/wp-content\/uploads\/2021\/03\/logo.png\",\"width\":1110,\"height\":538,\"caption\":\"CoBs-CNC Technik\"},\"image\":{\"@id\":\"https:\/\/www.cobs-cnc-technik.de\/en\/#\/schema\/logo\/image\/\"}}]}<\/script>\n<!-- \/ Yoast SEO plugin. -->","yoast_head_json":{"title":"Site Notice - CoBs-CNC Technik","description":"Egal ob es sich um ein individuelles Produkt oder eine Serienfertigung handelt wir bieten die passende L\u00f6sung f\u00fcr Ihre Fr\u00e4s - oder Dreharbeiten. Sprechen Sie uns einfach an!","robots":{"index":"noindex","follow":"nofollow"},"og_locale":"en_US","og_type":"article","og_title":"Site Notice - CoBs-CNC Technik","og_description":"Egal ob es sich um ein individuelles Produkt oder eine Serienfertigung handelt wir bieten die passende L\u00f6sung f\u00fcr Ihre Fr\u00e4s - oder Dreharbeiten. Sprechen Sie uns einfach an!","og_url":"https:\/\/www.cobs-cnc-technik.de\/en\/impressum\/","og_site_name":"CoBs-CNC Technik","article_modified_time":"2025-09-25T10:11:22+00:00","twitter_card":"summary_large_image","schema":{"@context":"https:\/\/schema.org","@graph":[{"@type":"WebPage","@id":"https:\/\/www.cobs-cnc-technik.de\/en\/impressum\/","url":"https:\/\/www.cobs-cnc-technik.de\/en\/impressum\/","name":"Site Notice - CoBs-CNC Technik","isPartOf":{"@id":"https:\/\/www.cobs-cnc-technik.de\/en\/#website"},"datePublished":"2022-03-21T20:28:23+00:00","dateModified":"2025-09-25T10:11:22+00:00","description":"Egal ob es sich um ein individuelles Produkt oder eine Serienfertigung handelt wir bieten die passende L\u00f6sung f\u00fcr Ihre Fr\u00e4s - oder Dreharbeiten. Sprechen Sie uns einfach an!","breadcrumb":{"@id":"https:\/\/www.cobs-cnc-technik.de\/en\/impressum\/#breadcrumb"},"inLanguage":"en-US","potentialAction":[{"@type":"ReadAction","target":["https:\/\/www.cobs-cnc-technik.de\/en\/impressum\/"]}]},{"@type":"BreadcrumbList","@id":"https:\/\/www.cobs-cnc-technik.de\/en\/impressum\/#breadcrumb","itemListElement":[{"@type":"ListItem","position":1,"name":"Homepage","item":"https:\/\/www.cobs-cnc-technik.de\/en\/"},{"@type":"ListItem","position":2,"name":"Site Notice"}]},{"@type":"WebSite","@id":"https:\/\/www.cobs-cnc-technik.de\/en\/#website","url":"https:\/\/www.cobs-cnc-technik.de\/en\/","name":"CoBs-CNC Technik","description":"","publisher":{"@id":"https:\/\/www.cobs-cnc-technik.de\/en\/#organization"},"potentialAction":[{"@type":"SearchAction","target":{"@type":"EntryPoint","urlTemplate":"https:\/\/www.cobs-cnc-technik.de\/en\/?s={search_term_string}"},"query-input":{"@type":"PropertyValueSpecification","valueRequired":true,"valueName":"search_term_string"}}],"inLanguage":"en-US"},{"@type":"Organization","@id":"https:\/\/www.cobs-cnc-technik.de\/en\/#organization","name":"CoBs-CNC Technik","url":"https:\/\/www.cobs-cnc-technik.de\/en\/","logo":{"@type":"ImageObject","inLanguage":"en-US","@id":"https:\/\/www.cobs-cnc-technik.de\/en\/#\/schema\/logo\/image\/","url":"https:\/\/www.cobs-cnc-technik.de\/wp-content\/uploads\/2021\/03\/logo.png","contentUrl":"https:\/\/www.cobs-cnc-technik.de\/wp-content\/uploads\/2021\/03\/logo.png","width":1110,"height":538,"caption":"CoBs-CNC Technik"},"image":{"@id":"https:\/\/www.cobs-cnc-technik.de\/en\/#\/schema\/logo\/image\/"}}]}},"_links":{"self":[{"href":"https:\/\/www.cobs-cnc-technik.de\/en\/wp-json\/wp\/v2\/pages\/2555","targetHints":{"allow":["GET"]}}],"collection":[{"href":"https:\/\/www.cobs-cnc-technik.de\/en\/wp-json\/wp\/v2\/pages"}],"about":[{"href":"https:\/\/www.cobs-cnc-technik.de\/en\/wp-json\/wp\/v2\/types\/page"}],"author":[{"embeddable":true,"href":"https:\/\/www.cobs-cnc-technik.de\/en\/wp-json\/wp\/v2\/users\/4"}],"replies":[{"embeddable":true,"href":"https:\/\/www.cobs-cnc-technik.de\/en\/wp-json\/wp\/v2\/comments?post=2555"}],"version-history":[{"count":13,"href":"https:\/\/www.cobs-cnc-technik.de\/en\/wp-json\/wp\/v2\/pages\/2555\/revisions"}],"predecessor-version":[{"id":2813,"href":"https:\/\/www.cobs-cnc-technik.de\/en\/wp-json\/wp\/v2\/pages\/2555\/revisions\/2813"}],"wp:attachment":[{"href":"https:\/\/www.cobs-cnc-technik.de\/en\/wp-json\/wp\/v2\/media?parent=2555"}],"curies":[{"name":"wp","href":"https:\/\/api.w.org\/{rel}","templated":true}]}}